{"id":8,"date":"2024-11-09T22:45:04","date_gmt":"2024-11-09T21:45:04","guid":{"rendered":"http:\/\/www.xxc-cyber.com\/?page_id=8"},"modified":"2024-11-12T18:13:11","modified_gmt":"2024-11-12T17:13:11","slug":"accueil","status":"publish","type":"page","link":"https:\/\/www.xxc-cyber.com\/","title":{"rendered":"Accueil"},"content":{"rendered":"\n<h2 class=\"wp-block-heading has-text-align-center\"><\/h2>\n\n\n\n<div class=\"wp-block-cover alignfull is-light\" style=\"border-style:none;border-width:0px;padding-top:2%;min-height:427px;aspect-ratio:unset;\"><span aria-hidden=\"true\" class=\"wp-block-cover__background has-background-dim-70 has-background-dim\" style=\"background-color:#649cc3\"><\/span><img loading=\"lazy\" decoding=\"async\" width=\"1920\" height=\"1280\" class=\"wp-block-cover__image-background wp-image-64\" alt=\"\" src=\"http:\/\/www.xxc-cyber.com\/wp-content\/uploads\/2024\/11\/web-4776833_1920-1.jpg\" style=\"object-position:48% 47%\" data-object-fit=\"cover\" data-object-position=\"48% 47%\" srcset=\"https:\/\/www.xxc-cyber.com\/wp-content\/uploads\/2024\/11\/web-4776833_1920-1.jpg 1920w, https:\/\/www.xxc-cyber.com\/wp-content\/uploads\/2024\/11\/web-4776833_1920-1-300x200.jpg 300w, https:\/\/www.xxc-cyber.com\/wp-content\/uploads\/2024\/11\/web-4776833_1920-1-1024x683.jpg 1024w, https:\/\/www.xxc-cyber.com\/wp-content\/uploads\/2024\/11\/web-4776833_1920-1-768x512.jpg 768w, https:\/\/www.xxc-cyber.com\/wp-content\/uploads\/2024\/11\/web-4776833_1920-1-1536x1024.jpg 1536w\" sizes=\"auto, (max-width: 1920px) 100vw, 1920px\" \/><div class=\"wp-block-cover__inner-container has-global-padding is-layout-constrained wp-container-core-cover-is-layout-665d88d5 wp-block-cover-is-layout-constrained\">\n<h3 class=\"wp-block-heading has-text-align-center has-text-color has-link-color wp-elements-0a0b057198296f7dbcc21f121d467bcc\" style=\"color:#fff9f9;margin-bottom:1rem;font-size:clamp(3.116rem, 3.116rem + ((1vw - 0.2rem) * 5.607), 6.2rem);font-style:normal;font-weight:700;line-height:1;text-transform:none\">Management de la S\u00e9curit\u00e9 Cyber&nbsp;<\/h3>\n<\/div><\/div>\n\n\n\n<h2 class=\"wp-block-heading has-text-align-center has-hedvig-letters-serif-regular-font-family has-x-large-font-size\"><strong>Transformez la cybers\u00e9curit\u00e9 en avantage concurrentiel. <\/strong><\/h2>\n\n\n\n<section class=\"wp-block-group alignfull has-text-color has-background has-global-padding is-layout-constrained wp-container-core-group-is-layout-38ad39fd wp-block-group-is-layout-constrained\" style=\"color:#03081e;background-color:#eff9ff;margin-top:0px;padding-top:5.01rem;padding-right:1rem;padding-bottom:5.5rem;padding-left:1rem;font-size:clamp(0.875rem, 0.875rem + ((1vw - 0.2rem) * 0.464), 1.13rem);font-style:normal;font-weight:400;line-height:1.4\">\n<div class=\"wp-block-columns is-layout-flex wp-container-core-columns-is-layout-db2df21c wp-block-columns-is-layout-flex\" style=\"margin-bottom:0px\">\n<div class=\"wp-block-column has-global-padding is-content-justification-left is-layout-constrained wp-container-core-column-is-layout-12dd3699 wp-block-column-is-layout-constrained\" style=\"flex-basis:45%\">\n<figure class=\"wp-block-image aligncenter size-full is-resized\"><img loading=\"lazy\" decoding=\"async\" width=\"500\" height=\"270\" src=\"http:\/\/www.xxc-cyber.com\/wp-content\/uploads\/2024\/11\/5-e1731191851118.png\" alt=\"\" class=\"wp-image-37\" style=\"aspect-ratio:9\/16;object-fit:contain;width:484px;height:auto\" srcset=\"https:\/\/www.xxc-cyber.com\/wp-content\/uploads\/2024\/11\/5-e1731191851118.png 500w, https:\/\/www.xxc-cyber.com\/wp-content\/uploads\/2024\/11\/5-e1731191851118-300x162.png 300w\" sizes=\"auto, (max-width: 500px) 100vw, 500px\" \/><\/figure>\n<\/div>\n\n\n\n<div class=\"wp-block-column is-layout-flow wp-block-column-is-layout-flow\">\n<div class=\"wp-block-group is-vertical is-content-justification-left is-layout-flex wp-container-core-group-is-layout-c5d44cae wp-block-group-is-layout-flex\" style=\"min-height:100%\">\n<h3 class=\"wp-block-heading has-text-align-left has-text-color\" style=\"color:#07277c;margin-top:0.5rem;margin-bottom:1.01rem;font-size:clamp(1.556rem, 1.556rem + ((1vw - 0.2rem) * 1.916), 2.61rem);font-style:normal;font-weight:500;letter-spacing:0px;line-height:1.3;text-transform:capitalize\">Pourquoi Choisir XXC CYBER ?<\/h3>\n\n\n\n<p>\u200b<\/p>\n\n\n\n<p class=\"has-text-align-center has-text-color\" style=\"color:#010000;margin-top:0rem;font-size:clamp(0.875rem, 0.875rem + ((1vw - 0.2rem) * 0.609), 1.21rem);font-style:normal;font-weight:400;line-height:1.6\"><strong>Des solutions cybers\u00e9curit\u00e9 pour toutes les tailles d\u2019entreprises<\/strong><\/p>\n\n\n\n<p class=\"has-text-color has-link-color wp-elements-3e464e81d185c71f8be15dba66f5954d\" style=\"color:#767171\">Des services con\u00e7us pour r\u00e9pondre aux enjeux de cybers\u00e9curit\u00e9 des TPE, PME et ETI, avec des solutions adapt\u00e9es aux besoins sp\u00e9cifiques de chaque structure. Conformit\u00e9 aux r\u00e9glementations en vigueur et anticipation des exigences futures sont assur\u00e9es pour garantir une protection optimale.<\/p>\n\n\n\n<h3 class=\"wp-block-heading has-medium-font-size\"><strong>Faire de la cybers\u00e9curit\u00e9 un levier de comp\u00e9titivit\u00e9<\/strong><\/h3>\n\n\n\n<p class=\"has-text-color has-link-color wp-elements-d1a7e93c54ac2a5018bef68ca3e32ab4\" style=\"color:#767171\">Adopter une d\u00e9marche cybers\u00e9curis\u00e9e permet de renforcer la position de l\u2019entreprise au sein de son \u00e9cosyst\u00e8me. En choisissant un environnement s\u00e9curis\u00e9 et ma\u00eetris\u00e9, l\u2019activit\u00e9 se place \u00e0 la pointe de la technologie, avec une image de confiance accrue et une comp\u00e9titivit\u00e9 renforc\u00e9e.<\/p>\n\n\n\n<h3 class=\"wp-block-heading has-text-align-center has-medium-font-size\"><strong>Renforcer la confiance et stimuler la croissance<\/strong><\/h3>\n\n\n\n<p class=\"has-text-color has-link-color wp-elements-1011a0372b0cc290550d4e4ce407bb19\" style=\"color:#767171\">Une cybers\u00e9curit\u00e9 solide, conforme aux standards internationaux, inspire confiance aux clients et partenaires, et soutient directement la croissance du chiffre d\u2019affaires. La s\u00e9curisation des donn\u00e9es et op\u00e9rations garantit la fid\u00e9lit\u00e9 des clients et am\u00e9liore l\u2019attractivit\u00e9 de l\u2019entreprise sur le march\u00e9.<\/p>\n\n\n\n<h3 class=\"wp-block-heading has-medium-font-size\"><strong>Des solutions personnalis\u00e9es et conformes aux normes<\/strong><\/h3>\n\n\n\n<p class=\"has-text-color\" style=\"color:#767171;margin-top:0rem;font-size:clamp(0.875rem, 0.875rem + ((1vw - 0.2rem) * 0.609), 1.21rem);font-style:normal;font-weight:400;line-height:1.6\">Chaque projet est adapt\u00e9 aux besoins uniques de l\u2019entreprise, avec une conformit\u00e9 aux normes internationales ISO 27001 ou \u00e0 la directive europ\u00e9ene NIS2 (<em>Network and Information System Security<\/em>). Une cybers\u00e9curit\u00e9 sur-mesure, offrant la tranquillit\u00e9 d\u2019esprit n\u00e9cessaire pour \u00e9voluer dans un environnement s\u00e9curis\u00e9 et respectueux des meilleures pratiques.<\/p>\n\n\n\n<div class=\"wp-block-group has-large-font-size has-global-padding is-content-justification-left is-layout-constrained wp-container-core-group-is-layout-30c9064c wp-block-group-is-layout-constrained\" style=\"margin-top:0px\">\n<div class=\"wp-block-buttons is-horizontal is-content-justification-left is-layout-flex wp-container-core-buttons-is-layout-50dd055c wp-block-buttons-is-layout-flex\" style=\"margin-top:2.51rem\">\n<div class=\"wp-block-button has-custom-width wp-block-button__width-100 has-custom-font-size is-style-fill\" style=\"font-size:clamp(0.875rem, 0.875rem + ((1vw - 0.2rem) * 0.609), 1.21rem);font-style:normal;font-weight:400;line-height:1;text-transform:none\"><a class=\"wp-block-button__link has-text-color has-background has-border-color wp-element-button\" href=\"http:\/\/www.xxc-cyber.com\/index.php\/qui-sommes-nous\/\" style=\"border-color:#041d55;border-style:solid;border-width:1px;border-radius:2.5rem;color:#07277c;background-color:#ffffff;padding-top:1.1rem;padding-right:0.81rem;padding-bottom:1.1rem;padding-left:0.81rem\">Qui sommes nous ?<\/a><\/div>\n<\/div>\n<\/div>\n<\/div>\n<\/div>\n<\/div>\n<\/section>\n\n\n\n<section class=\"wp-block-group alignfull has-text-color has-background has-global-padding is-layout-constrained wp-container-core-group-is-layout-e1afdb28 wp-block-group-is-layout-constrained\" style=\"color:#03081e;background-color:#eff9ff;margin-top:0px;padding-top:5.01rem;padding-right:1rem;padding-bottom:5.5rem;padding-left:1rem;font-size:clamp(0.875rem, 0.875rem + ((1vw - 0.2rem) * 0.464), 1.13rem);font-style:normal;font-weight:400;line-height:1.4\">\n<div class=\"wp-block-columns is-layout-flex wp-container-core-columns-is-layout-db2df21c wp-block-columns-is-layout-flex\" style=\"margin-bottom:0px\">\n<div class=\"wp-block-column has-global-padding is-content-justification-left is-layout-constrained wp-container-core-column-is-layout-12dd3699 wp-block-column-is-layout-constrained\" style=\"flex-basis:45%\">\n<figure class=\"wp-block-image aligncenter size-full is-resized\"><img loading=\"lazy\" decoding=\"async\" width=\"1790\" height=\"1192\" src=\"http:\/\/www.xxc-cyber.com\/wp-content\/uploads\/2024\/11\/1-2-e1731431140811.png\" alt=\"\" class=\"wp-image-166\" style=\"aspect-ratio:3\/4;object-fit:contain;width:466px;height:auto\" srcset=\"https:\/\/www.xxc-cyber.com\/wp-content\/uploads\/2024\/11\/1-2-e1731431140811.png 1790w, https:\/\/www.xxc-cyber.com\/wp-content\/uploads\/2024\/11\/1-2-e1731431140811-300x200.png 300w, https:\/\/www.xxc-cyber.com\/wp-content\/uploads\/2024\/11\/1-2-e1731431140811-1024x682.png 1024w, https:\/\/www.xxc-cyber.com\/wp-content\/uploads\/2024\/11\/1-2-e1731431140811-768x511.png 768w, https:\/\/www.xxc-cyber.com\/wp-content\/uploads\/2024\/11\/1-2-e1731431140811-1536x1023.png 1536w\" sizes=\"auto, (max-width: 1790px) 100vw, 1790px\" \/><\/figure>\n<\/div>\n\n\n\n<div class=\"wp-block-column is-layout-flow wp-block-column-is-layout-flow\">\n<div class=\"wp-block-group has-global-padding is-content-justification-center is-layout-constrained wp-container-core-group-is-layout-b15c80d6 wp-block-group-is-layout-constrained\">\n<h3 class=\"wp-block-heading has-text-align-left has-text-color\" style=\"color:#07277c;margin-top:0.5rem;margin-bottom:1.01rem;font-size:clamp(1.556rem, 1.556rem + ((1vw - 0.2rem) * 1.916), 2.61rem);font-style:normal;font-weight:500;letter-spacing:0px;line-height:1.3;text-transform:none\">Conseil en Cybers\u00e9curit\u00e9 pour TPE, PME et ETI<\/h3>\n\n\n\n<p class=\"has-text-color has-link-color wp-elements-81fcb1cd09b6b501f7caad8f5b30ad7c\" style=\"color:#767171\">XXC CYBER est sp\u00e9cialis\u00e9 dans l&rsquo;accompagnement des entreprises TPE, PME et ETI pour s\u00e9curiser leurs syst\u00e8mes d&rsquo;information.<\/p>\n\n\n\n<p class=\"has-text-color has-link-color wp-elements-1a714ca368b7e4ca6c5a8deec0370c34\" style=\"color:#767171\">Notre mission est d&rsquo;auditer le syst\u00e8me d&rsquo;information, organiser la gouvernance \u00e0 travers la cybers\u00e9curit\u00e9 personnalis\u00e9es, permettant \u00e0 nos clients de prot\u00e9ger leurs donn\u00e9es sensibles, de se conformer aux normes de s\u00e9curit\u00e9 internationales, et de renforcer la confiance avec leurs partenaires et clients.\u200b<\/p>\n\n\n\n<p class=\"has-text-color has-link-color wp-elements-1cb4a7c2be290fa49c5d32c2506288e4\" style=\"color:#767171\">Nous int\u00e9grons des standards reconnus tels que l\u2019ISO 27001, qui assure la mise en place d&rsquo;un syst\u00e8me de gestion de la s\u00e9curit\u00e9 de l&rsquo;information (SMSI) performant, et la directive europ\u00e9enne NIS2 (Network and Information Security), qui impose des exigences de cybers\u00e9curit\u00e9 renforc\u00e9es pour les entreprises de secteurs critiques.<\/p>\n\n\n\n<p class=\"has-text-align-left has-text-color has-link-color wp-elements-2c8cbc2660385dbc78f5dedfd2406630\" style=\"color:#767171\">Gr\u00e2ce \u00e0 cette expertise en conformit\u00e9, XXC CYBER vous aide \u00e0 anticiper les cybermenaces et \u00e0 garantir une conformit\u00e9 r\u00e9glementaire qui conforte votre avantage concurrentiel.<\/p>\n\n\n\n<div class=\"wp-block-group has-large-font-size has-global-padding is-content-justification-left is-layout-constrained wp-container-core-group-is-layout-30c9064c wp-block-group-is-layout-constrained\" style=\"margin-top:0px\">\n<div class=\"wp-block-buttons is-horizontal is-content-justification-left is-layout-flex wp-container-core-buttons-is-layout-50dd055c wp-block-buttons-is-layout-flex\" style=\"margin-top:2.51rem\">\n<div class=\"wp-block-button has-custom-width wp-block-button__width-100 has-custom-font-size is-style-fill\" style=\"font-size:clamp(0.875rem, 0.875rem + ((1vw - 0.2rem) * 0.609), 1.21rem);font-style:normal;font-weight:400;line-height:1;text-transform:none\"><a class=\"wp-block-button__link has-text-color has-background has-border-color wp-element-button\" href=\"http:\/\/www.xxc-cyber.com\/index.php\/qui-sommes-nous\/\" style=\"border-color:#041d55;border-style:solid;border-width:1px;border-radius:2.5rem;color:#07277c;background-color:#ffffff;padding-top:1.1rem;padding-right:0.81rem;padding-bottom:1.1rem;padding-left:0.81rem\">Qui sommes nous ?<\/a><\/div>\n<\/div>\n<\/div>\n<\/div>\n<\/div>\n<\/div>\n<\/section>\n\n\n\n<section class=\"wp-block-cover alignfull is-light\" style=\"margin-top:0px;padding-bottom:13.51rem;min-height:448px;aspect-ratio:unset;\"><span aria-hidden=\"true\" class=\"wp-block-cover__background has-background-dim-0 has-background-dim\" style=\"background-color:#98abbf\"><\/span><img loading=\"lazy\" decoding=\"async\" width=\"1920\" height=\"961\" class=\"wp-block-cover__image-background wp-image-77\" alt=\"\" src=\"http:\/\/www.xxc-cyber.com\/wp-content\/uploads\/2024\/11\/technology-6701406_1920-2.jpg\" data-object-fit=\"cover\" srcset=\"https:\/\/www.xxc-cyber.com\/wp-content\/uploads\/2024\/11\/technology-6701406_1920-2.jpg 1920w, https:\/\/www.xxc-cyber.com\/wp-content\/uploads\/2024\/11\/technology-6701406_1920-2-300x150.jpg 300w, https:\/\/www.xxc-cyber.com\/wp-content\/uploads\/2024\/11\/technology-6701406_1920-2-1024x513.jpg 1024w, https:\/\/www.xxc-cyber.com\/wp-content\/uploads\/2024\/11\/technology-6701406_1920-2-768x384.jpg 768w, https:\/\/www.xxc-cyber.com\/wp-content\/uploads\/2024\/11\/technology-6701406_1920-2-1536x769.jpg 1536w\" sizes=\"auto, (max-width: 1920px) 100vw, 1920px\" \/><div class=\"wp-block-cover__inner-container has-global-padding is-layout-constrained wp-container-core-cover-is-layout-14880c13 wp-block-cover-is-layout-constrained\">\n<div class=\"wp-block-group alignfull has-text-color has-global-padding is-layout-constrained wp-container-core-group-is-layout-6f61d7e7 wp-block-group-is-layout-constrained\" style=\"color:#252525;margin-top:0px;padding-top:0rem;padding-right:1rem;padding-bottom:0rem;padding-left:1rem;font-size:clamp(0.875rem, 0.875rem + ((1vw - 0.2rem) * 0.464), 1.13rem);font-style:normal;font-weight:400;line-height:1.4\">\n<div class=\"wp-block-group is-vertical is-content-justification-center is-layout-flex wp-container-core-group-is-layout-b6c1f246 wp-block-group-is-layout-flex\">\n<div class=\"wp-block-group has-global-padding is-layout-constrained wp-container-core-group-is-layout-a099c240 wp-block-group-is-layout-constrained\">\n<h2 class=\"wp-block-heading has-text-align-center has-text-color\" style=\"color:#07277c;margin-bottom:1.11rem;font-size:clamp(1.556rem, 1.556rem + ((1vw - 0.2rem) * 1.916), 2.61rem);font-style:normal;font-weight:500;line-height:1.2;text-transform:capitalize\">Contactez-Nous<\/h2>\n\n\n\n<p class=\"has-text-align-center has-text-color\" style=\"color:#03081e;margin-top:0rem;font-size:clamp(0.875rem, 0.875rem + ((1vw - 0.2rem) * 0.427), 1.11rem);font-style:normal;font-weight:400;line-height:1.6\"><strong>Pr\u00eat \u00e0 s\u00e9curiser votre entreprise ? Contactez-nous et d\u00e9marrez votre voyage vers la s\u00e9r\u00e9nit\u00e9 !<\/strong><\/p>\n\n\n\n<div class=\"wp-block-group is-vertical is-content-justification-stretch is-layout-flex wp-container-core-group-is-layout-be82aac6 wp-block-group-is-layout-flex\" style=\"margin-top:0rem;padding-right:0px;padding-left:0px\">\n<div class=\"wp-block-group has-global-padding is-content-justification-center is-layout-constrained wp-container-core-group-is-layout-0638dde4 wp-block-group-is-layout-constrained\" style=\"margin-top:0px\">\n<div class=\"wp-block-buttons alignwide is-horizontal is-content-justification-right is-layout-flex wp-container-core-buttons-is-layout-1b0e492f wp-block-buttons-is-layout-flex\" style=\"margin-top:2.21rem\">\n<div class=\"wp-block-button has-custom-width wp-block-button__width-100 has-custom-font-size is-style-outline is-style-outline--1\" style=\"font-size:clamp(0.875rem, 0.875rem + ((1vw - 0.2rem) * 0.609), 1.21rem);font-style:normal;font-weight:400;line-height:1;text-transform:uppercase\"><a class=\"wp-block-button__link has-text-color has-background has-border-color wp-element-button\" href=\"http:\/\/www.xxc-cyber.com\/index.php\/contacts\/\" style=\"border-color:#041d55;border-style:solid;border-width:1px;border-radius:2.5rem;color:#f0f1f3;background-color:#050546;padding-top:1.1rem;padding-right:0.81rem;padding-bottom:1.1rem;padding-left:0.81rem\">Parlons-en !<\/a><\/div>\n<\/div>\n<\/div>\n<\/div>\n<\/div>\n<\/div>\n<\/div>\n<\/div><\/section>\n","protected":false},"excerpt":{"rendered":"<p>Transformez la cybers\u00e9curit\u00e9 en avantage concurrentiel. Pourquoi Choisir XXC CYBER ? \u200b Des solutions cybers\u00e9curit\u00e9 pour toutes les tailles d\u2019entreprises Des services con\u00e7us pour r\u00e9pondre aux enjeux de cybers\u00e9curit\u00e9 des TPE, PME et ETI, avec des solutions adapt\u00e9es aux besoins sp\u00e9cifiques de chaque structure. Conformit\u00e9 aux r\u00e9glementations en vigueur et anticipation des exigences futures sont [&hellip;]<\/p>\n","protected":false},"author":1,"featured_media":0,"parent":0,"menu_order":0,"comment_status":"closed","ping_status":"closed","template":"","meta":{"footnotes":""},"class_list":["post-8","page","type-page","status-publish","hentry"],"_links":{"self":[{"href":"https:\/\/www.xxc-cyber.com\/index.php\/wp-json\/wp\/v2\/pages\/8","targetHints":{"allow":["GET"]}}],"collection":[{"href":"https:\/\/www.xxc-cyber.com\/index.php\/wp-json\/wp\/v2\/pages"}],"about":[{"href":"https:\/\/www.xxc-cyber.com\/index.php\/wp-json\/wp\/v2\/types\/page"}],"author":[{"embeddable":true,"href":"https:\/\/www.xxc-cyber.com\/index.php\/wp-json\/wp\/v2\/users\/1"}],"replies":[{"embeddable":true,"href":"https:\/\/www.xxc-cyber.com\/index.php\/wp-json\/wp\/v2\/comments?post=8"}],"version-history":[{"count":16,"href":"https:\/\/www.xxc-cyber.com\/index.php\/wp-json\/wp\/v2\/pages\/8\/revisions"}],"predecessor-version":[{"id":172,"href":"https:\/\/www.xxc-cyber.com\/index.php\/wp-json\/wp\/v2\/pages\/8\/revisions\/172"}],"wp:attachment":[{"href":"https:\/\/www.xxc-cyber.com\/index.php\/wp-json\/wp\/v2\/media?parent=8"}],"curies":[{"name":"wp","href":"https:\/\/api.w.org\/{rel}","templated":true}]}}